{"id":227,"date":"2021-12-01T15:48:44","date_gmt":"2021-12-01T14:48:44","guid":{"rendered":"https:\/\/www.fnacompressors.com\/?page_id=227"},"modified":"2025-07-28T21:51:05","modified_gmt":"2025-07-28T19:51:05","slug":"privacy-policy","status":"publish","type":"page","link":"https:\/\/www.fnacompressors.com\/it\/privacy-policy\/","title":{"rendered":"Privacy policy"},"content":{"rendered":"<div class=\"box-txt-des box-txt-des-1 even \"  data-index=\"1\">\n<div class=\"container-fluid container-fna-exp\">\n<div class='row'>\n<div class=\"col-12\">\n<div class='descrizione'>\n<p>In questa pagina si descrivono le modalit\u00e0 di gestione del sito in riferimento al trattamento dei dati personali degli utenti che lo consultano.<\/p>\n<p>Si tratta di un\u2019informativa che \u00e8 resa anche ai sensi dell\u2019art.13 del Regolamento\u00a0<strong>Europeo\u00a0<\/strong>(UE) 2016\/679<strong> (nel seguito GDPR)\u00a0<\/strong>a coloro che interagiscono le pagine del sito Web <strong>FNA COMPRESSORS SPA\u00a0<\/strong>a partire dall\u2019indirizzo <a href=\"http:\/\/WWW.FNACOMPRESSORS.COM\">www.fnacompressors.com<\/a> corrispondente alla pagina iniziale del sito ufficiale dell\u2019azienda, o dagli indirizzi dei siti web dei vari brand aziendali.<\/p>\n<p>L\u2019informativa \u00e8 resa solo per i siti citati in precedenza e non anche per altri siti\u00a0web\u00a0eventualmente consultati dall\u2019utente tramite\u00a0link\u00a0a partire da questi.<\/p>\n<p>L\u2019informativa per la raccolta di dati personali\u00a0on-line, illustra, per un principio di trasparenza, le modalit\u00e0, i tempi e la natura delle informazioni che i titolari del trattamento devono fornire agli utenti quando questi si collegano a pagine\u00a0web, indipendentemente dagli scopi del collegamento.<\/p>\n<p>&nbsp;<\/p>\n<h4><strong>Titolare del trattamento<\/strong><\/h4>\n<p>Il Titolare del trattamento dei dati \u00e8 <strong>FNA SPA<\/strong>, via Einaudi, 6, 10070 Robassomanero (TO), Tel. +39 011 9233000, email: <a href=\"mailto:info@fnacompressors.com\">info@fnacompressors.com<\/a><\/p>\n<p>&nbsp;<\/p>\n<h4><strong>Finalit\u00e0 del trattamento dei dati raccolti<\/strong><\/h4>\n<p>I Dati dell\u2019Utente sono raccolti per consentire al Titolare di fornire i propri servizi, cos\u00ec come per le seguenti finalit\u00e0:<\/p>\n<ul>\n<li class=\"li1\">Gestione sito web<\/li>\n<li class=\"li1\">Processare richieste di informazioni<\/li>\n<li class=\"li1\">Promuove attivit\u00e0 dei servizi e dei prodotti del Titolare<\/li>\n<li class=\"li1\">Eseguire gli obblighi previsti da leggi o regolamenti<\/li>\n<li class=\"li1\">Tutela del Titolare in sede giudiziaria<\/li>\n<\/ul>\n<p>&nbsp;<\/p>\n<h4><strong>Base giuridica<\/strong><\/h4>\n<p>Le basi giuridiche del trattamento sono la necessit\u00e0 di dare risposte alle richieste dell\u2019Interessato, richiesta del consenso per essere ricontattati, dare all\u2019Interessato i servizi richiesti, gli obblighi previsti da leggi e regolamenti e l\u2019interesse legittimo del Titolare.<\/p>\n<p>&nbsp;<\/p>\n<h4><strong>Natura obbligatoria o facoltativa del conferimento dei dati<\/strong><\/h4>\n<p class=\"p1\">Si informa che, tenuto conto delle finalit\u00e0 del trattamento come sopra illustrate, il conferimento dei dati \u00e8 obbligatorio ed il loro mancato, parziale o inesatto conferimento potr\u00e0 avere, come conseguenza l\u2019impossibilit\u00e0 di fornire risposta alle richieste avanzate o poter usufruire dei servizi.<\/p>\n<p class=\"p1\">In caso di conferimento dei dati tramite compilazione di moduli (form) contenenti asterischi:<\/p>\n<ul>\n<li class=\"li1\">La comunicazione dei dati contrassegnati da asterisco <b>\u00e8 necessaria<\/b> e il mancato conferimento render\u00e0 impossibile al Titolare fornire quanto richiesto o comunque gestire le richieste.<\/li>\n<li class=\"li1\">La comunicazione dei dati privi di asterisco <b>\u00e8 facoltativa<\/b>: il mancato conferimento permetter\u00e0 comunque di fornire quanto da richiesto.<\/li>\n<\/ul>\n<p>&nbsp;<\/p>\n<h4><strong>Dati forniti volontariamenti dall&#8217;utente<\/strong><\/h4>\n<p>L\u2019invio facoltativo, esplicito e volontario di posta elettronica agli indirizzi indicati su questo sito comporta la successiva acquisizione dell\u2019indirizzo del mittente, necessario per rispondere alle richieste, nonch\u00e9 degli eventuali altri dati personali inseriti nella missiva.<\/p>\n<p>&nbsp;<\/p>\n<h4><strong>Destinatari o categorie di destinatari<\/strong><\/h4>\n<p>I dati personali saranno trattati dal Titolare del trattamento, e dalle persone da lui strettamente autorizzate.<\/p>\n<p>I dati potranno essere comunicati alle seguenti categorie di soggetti terzi:<\/p>\n<p><strong>Categorie di soggetti terzi a cui potranno essere comunicati i dati o parte dei dati<\/strong><\/p>\n<ol>\n<li>Consulenti, professionisti e fornitori di servizi, necessari per le finalit\u00e0 indicate, che trattino i dati in qualit\u00e0 di Responsabili del trattamento, con i quali sia stato stipulato Accordo ex art. 28 GDPR.<\/li>\n<li>Banche e altri Titolari autonomi, il cui trattamento sia necessario per le finalit\u00e0 indicate.<\/li>\n<li>Enti pubblici e altre pubbliche autorit\u00e0, a cui la comunicazione sia necessaria per legge o per ordine dell\u2019Autorit\u00e0.<\/li>\n<\/ol>\n<p>I dati non saranno oggetto di diffusione.<\/p>\n<p>&nbsp;<\/p>\n<h4><strong>Diritto di reclamo all&#8217;autorit\u00e0 di controllo<\/strong><\/h4>\n<p>Il soggetto interessato ha diritto di presentare reclamo all\u2019Autorit\u00e0 di controllo (Per l\u2019Italia: Garante per la protezione dei dati personali <a href=\"http:\/\/www.garanteprivacy.it\">www.garanteprivacy.it<\/a>).<\/p>\n<p>&nbsp;<\/p>\n<h4><strong>Diritti degli interessati<\/strong><\/h4>\n<p>Potranno, in qualunque momento, essere esercitati i diritti di accesso ai dati personali, di rettifica o di cancellazione degli stessi, di limitazione del trattamento, di opposizione, di portabilit\u00e0 di cui agli artt. 15-20 del Regolamento Europeo 679\/2016 attraverso l\u2019invio di una richiesta email all\u2019indirizzo <a href=\"mailto:info@fnacompressors.com\">info@fnacompressors.com<\/a>.<\/p>\n<p>L\u2019esercizio dei diritti dell&#8217;interessato potrebbe essere ritardato, limitato o escluso nei casi previsti dall\u2019art. 2-undecies D.Lgs. 196\/03<\/p>\n<p>&nbsp;<\/p>\n<h4><strong>Esistenza di un processo decisionale automatizzato<\/strong><\/h4>\n<p>Il trattamento non comporta un processo decisionale automatizzato.<\/p>\n<p>&nbsp;<\/p>\n<h4><strong>Trasferimento dei dati in un paese terzo o ad un&#8217;organizzazione internazionale<\/strong><\/h4>\n<p>Il Titolare del trattamento non trasferir\u00e0 i dati personali ad un paese terzo o ad una organizzazione internazionale.<\/p>\n<p><em>Data ultimo aggiornamento: 13\/03\/2024<\/em><\/p>\n<\/p><\/div>\n<\/p><\/div>\n<\/p><\/div>\n<\/p><\/div>\n<\/div>\n","protected":false},"excerpt":{"rendered":"<p>In questa pagina si descrivono le modalit\u00e0 di gestione del sito in riferimento al trattamento dei dati personali degli utenti che lo consultano. Si tratta&#8230;<\/p>\n","protected":false},"author":4,"featured_media":0,"parent":0,"menu_order":1,"comment_status":"closed","ping_status":"closed","template":"flow.php","meta":{"_acf_changed":false,"footnotes":""},"class_list":["post-227","page","type-page","status-publish","hentry"],"acf":[],"_links":{"self":[{"href":"https:\/\/www.fnacompressors.com\/it\/wp-json\/wp\/v2\/pages\/227","targetHints":{"allow":["GET"]}}],"collection":[{"href":"https:\/\/www.fnacompressors.com\/it\/wp-json\/wp\/v2\/pages"}],"about":[{"href":"https:\/\/www.fnacompressors.com\/it\/wp-json\/wp\/v2\/types\/page"}],"author":[{"embeddable":true,"href":"https:\/\/www.fnacompressors.com\/it\/wp-json\/wp\/v2\/users\/4"}],"replies":[{"embeddable":true,"href":"https:\/\/www.fnacompressors.com\/it\/wp-json\/wp\/v2\/comments?post=227"}],"version-history":[{"count":29,"href":"https:\/\/www.fnacompressors.com\/it\/wp-json\/wp\/v2\/pages\/227\/revisions"}],"predecessor-version":[{"id":4682,"href":"https:\/\/www.fnacompressors.com\/it\/wp-json\/wp\/v2\/pages\/227\/revisions\/4682"}],"wp:attachment":[{"href":"https:\/\/www.fnacompressors.com\/it\/wp-json\/wp\/v2\/media?parent=227"}],"curies":[{"name":"wp","href":"https:\/\/api.w.org\/{rel}","templated":true}]}}