{"id":50,"date":"2021-11-23T14:06:06","date_gmt":"2021-11-23T13:06:06","guid":{"rendered":"https:\/\/www.fnacompressors.com\/?page_id=50"},"modified":"2024-12-12T19:06:28","modified_gmt":"2024-12-12T18:06:28","slug":"fini","status":"publish","type":"page","link":"https:\/\/www.fnacompressors.com\/it\/marchi\/fini\/","title":{"rendered":"Fini"},"content":{"rendered":"<div class=\"box-bg-txt-des-lin box-bg-txt-des-lin-2 odd \"  data-index=\"2\">\n<div class=\"container-fluid container-fna\">\n<div class=\"row\">\n<div class=\"col-lg-5\">\n<h1 class='nome animatedBox text-animation delay-01'>\n                   Fini                <\/h1>\n<h2 class='titolo animatedBox text-animation delay-01'>\n                   Un\u2019aria compressa  di qualit\u00e0.                <\/h2>\n<\/p><\/div>\n<div class=\"col-lg-7\">\n<div class='descrizione animatedBox text-animation delay-02'>\n<p>FINI \u00e8 la tradizione, la storia, <strong>da oltre 70 anni leader nel settore dell\u2019aria compressa<\/strong>.<\/p>\n<p>Grazie alla costante attenzione ai clienti e grazie ai suoi prodotti che alimentano quotidianamente attivit\u00e0 produttive e soddisfano le pi\u00f9 svariate esigenze di industrie e professionisti nei loro fabbisogni di aria compressa, \u00e8 da sempre sinonimo di qualit\u00e0. <\/p>\n<p>Nulla insegna pi\u00f9 dell\u2019esperienza e FINI ne ha veramente tanta. <strong>Operativo in 120 paesi<\/strong> con una delle gamme pi\u00f9 complete, che comprende compressori rotativi a vite a iniezione d\u2019olio da 2,2 fino a 315 kW, con trasmissione diretta o a cinghia, mono e bistadio e compressori a pistone da 0,75 a 20 HP, in svariati allestimenti. <\/p>\n<p>Un vero punto di riferimento nel mondo dell\u2019aria compressa. <\/p>\n<\/p><\/div>\n<div class='btn-arrow-slide animatedBox text-animation '>\n                           <a href=\"https:\/\/www.finicompressors.com\/\" target=\"_blank\"><br \/>\n                               Visita il sito web<\/p>\n<div class=\"arror-slide-right\">\n<div class=\"arrow-slide-right-content\"><svg version=\"1.1\" id=\"Livello_1\" xmlns=\"http:\/\/www.w3.org\/2000\/svg\" xmlns:xlink=\"http:\/\/www.w3.org\/1999\/xlink\" x=\"0px\" y=\"0px\"\n\t viewBox=\"0 0 72.1 24\" style=\"enable-background:new 0 0 72.1 24;\" xml:space=\"preserve\"><\/p>\n<style type=\"text\/css\">\n<\/style>\n<path class=\"st0\" d=\"M2,12h13\"\/>\n<path class=\"st0\" d=\"M15,17V7l7,5L15,17z\"\/>\n<path class=\"st0\" d=\"M50,12h13\"\/>\n<path class=\"st0\" d=\"M63,17V7l7,5L63,17z\"\/>\n<\/svg><\/div>\n<\/div>\n<p>                           <\/a>\n                        <\/div>\n<\/p><\/div>\n<\/p><\/div>\n<\/p><\/div>\n<\/div>\n<style>\n        .box-bg-txt-des-lin-2 { background-color:#e1261d; } <\/p>\n<p>        .box-bg-txt-des-lin-2 { color:#ffffff }\n        .box-bg-txt-des-lin-2 .btn-arrow-slide a { color:#ffffff }\n        .box-bg-txt-des-lin-2 .btn-arrow-slide:after  { background-color:#ffffff }\n        .box-bg-txt-des-lin-2 .st0{fill:none;stroke:#ffffff ;stroke-width:2;stroke-linecap:square;stroke-miterlimit:10;}<\/p>\n<\/style>\n<div class=\"box-gallery box-gallery-3 even \"  data-index=\"3\">\n<div class=\"container-fluid container-fna animatedBox image-animation\">\n<div class=\"row box-gallery-slider \">\n<div class='col-12 slide'>\n                            <img src='https:\/\/www.fnacompressors.com\/wp-content\/uploads\/2024\/12\/Fini_BK114.jpg'  alt='' class='img-fluid no-lazy' >\n                        <\/div>\n<div class='col-12 slide'>\n                            <img src='https:\/\/www.fnacompressors.com\/wp-content\/uploads\/2024\/12\/Fini_Pulsar_Ultimate.jpg'  alt='' class='img-fluid no-lazy' >\n                        <\/div>\n<div class='col-12 slide'>\n                            <img src='https:\/\/www.fnacompressors.com\/wp-content\/uploads\/2024\/12\/Fini_KMax_90PM.jpg'  alt='' class='img-fluid no-lazy' >\n                        <\/div>\n<\/p><\/div>\n<div class=\"row\">\n<div class=\"col-12 col-control \">\n<div class=\"gallery-arrow-left\">\n                    <img decoding=\"async\" src=\"https:\/\/www.fnacompressors.com\/wp-content\/themes\/wp-bootstrap-starter-child\/img\/gallery-arrow-left.svg\" >\n                <\/div>\n<div class=\"gallery-dots\"><\/div>\n<div class=\"gallery-arrow-right\">\n                    <img decoding=\"async\" src=\"https:\/\/www.fnacompressors.com\/wp-content\/themes\/wp-bootstrap-starter-child\/img\/gallery-arrow-right.svg\" >\n                <\/div>\n<\/p><\/div>\n<\/p><\/div>\n<\/p><\/div>\n<\/div>\n<div class=\"box-txt-next-marchi box-txt-next-marchi-4 odd \"  data-index=\"4\">\n<div class=\"container-fluid container-fna\">\n<div class=\"row\">\n<div class=\"col-12\">\n<h2 class='titolo'>\n                   Gli altri marchi del gruppo                <\/h2>\n<\/p><\/div>\n<\/p><\/div>\n<div class=\"row card-list\">\n<div class=\"col-md-6 col-lg  card-logo\">\n                            <a href=\"https:\/\/www.fnacompressors.com\/marchi\/nuair\/\" ><\/p>\n<div class=\"animatedBox image-animation\" style=\"transition-delay: 0.3s\">\n<div class=\"fade-hover\">\n<div class=''>\n                                       <img src='https:\/\/www.fnacompressors.com\/wp-content\/uploads\/2021\/12\/nuair-home-1.png'  alt='nuair logo' class='img-fluid img-max-width' >\n                                   <\/div>\n<div class='fade-hover-image'>\n                                       <img src='https:\/\/www.fnacompressors.com\/wp-content\/uploads\/2021\/12\/NuAir-2.png'  alt='nuair compressors' class='img-fluid img-max-width' > <\/p>\n<div class=\"arrow-dec\">\n                                            <img decoding=\"async\" src=\"https:\/\/www.fnacompressors.com\/wp-content\/themes\/wp-bootstrap-starter-child\/img\/arrow-white.svg\" >\n                                        <\/div>\n<\/p><\/div>\n<\/p><\/div>\n<\/p><\/div>\n<p>                            <\/a>\n                    <\/div>\n<div class=\"col-md-6 col-lg  card-logo\">\n                            <a href=\"https:\/\/www.fnacompressors.com\/marchi\/shamal\/\" ><\/p>\n<div class=\"animatedBox image-animation\" style=\"transition-delay: 0.6s\">\n<div class=\"fade-hover\">\n<div class=''>\n                                       <img src='https:\/\/www.fnacompressors.com\/wp-content\/uploads\/2021\/12\/shamal-home-1.png'  alt='' class='img-fluid img-max-width' >\n                                   <\/div>\n<div class='fade-hover-image'>\n                                       <img src='https:\/\/www.fnacompressors.com\/wp-content\/uploads\/2021\/12\/Shamal-2.png'  alt='shamal compressors' class='img-fluid img-max-width' > <\/p>\n<div class=\"arrow-dec\">\n                                            <img decoding=\"async\" src=\"https:\/\/www.fnacompressors.com\/wp-content\/themes\/wp-bootstrap-starter-child\/img\/arrow-white.svg\" >\n                                        <\/div>\n<\/p><\/div>\n<\/p><\/div>\n<\/p><\/div>\n<p>                            <\/a>\n                    <\/div>\n<div class=\"col-md-6 col-lg  card-logo\">\n                            <a href=\"https:\/\/www.fnacompressors.com\/marchi\/dari\/\" ><\/p>\n<div class=\"animatedBox image-animation\" style=\"transition-delay: 0.9s\">\n<div class=\"fade-hover\">\n<div class=''>\n                                       <img src='https:\/\/www.fnacompressors.com\/wp-content\/uploads\/2021\/12\/dari-home-1.png'  alt='' class='img-fluid img-max-width' >\n                                   <\/div>\n<div class='fade-hover-image'>\n                                       <img src='https:\/\/www.fnacompressors.com\/wp-content\/uploads\/2021\/12\/dari-hover-home-2.png'  alt='dari air compressors' class='img-fluid img-max-width' > <\/p>\n<div class=\"arrow-dec\">\n                                            <img decoding=\"async\" src=\"https:\/\/www.fnacompressors.com\/wp-content\/themes\/wp-bootstrap-starter-child\/img\/arrow-white.svg\" >\n                                        <\/div>\n<\/p><\/div>\n<\/p><\/div>\n<\/p><\/div>\n<p>                            <\/a>\n                    <\/div>\n<div class=\"col-md-6 col-lg  card-logo\">\n                            <a href=\"https:\/\/www.fnacompressors.com\/marchi\/medicair\/\" ><\/p>\n<div class=\"animatedBox image-animation\" style=\"transition-delay: 1.2s\">\n<div class=\"fade-hover\">\n<div class=''>\n                                       <img src='https:\/\/www.fnacompressors.com\/wp-content\/uploads\/2021\/12\/medicair-home-1.png'  alt='' class='img-fluid img-max-width' >\n                                   <\/div>\n<div class='fade-hover-image'>\n                                       <img src='https:\/\/www.fnacompressors.com\/wp-content\/uploads\/2021\/12\/medicair-hover-home-2.png'  alt='medic air compressors' class='img-fluid img-max-width' > <\/p>\n<div class=\"arrow-dec\">\n                                            <img decoding=\"async\" src=\"https:\/\/www.fnacompressors.com\/wp-content\/themes\/wp-bootstrap-starter-child\/img\/arrow-white.svg\" >\n                                        <\/div>\n<\/p><\/div>\n<\/p><\/div>\n<\/p><\/div>\n<p>                            <\/a>\n                    <\/div>\n<div class=\"col-md-6 col-lg  card-logo\">\n                            <a href=\"https:\/\/www.fnacompressors.com\/marchi\/power-system\/\" ><\/p>\n<div class=\"animatedBox image-animation\" style=\"transition-delay: 1.5s\">\n<div class=\"fade-hover\">\n<div class=''>\n                                       <img src='https:\/\/www.fnacompressors.com\/wp-content\/uploads\/2024\/12\/powersystem-standard.jpg'  alt='' class='img-fluid img-max-width' >\n                                   <\/div>\n<div class='fade-hover-image'>\n                                       <img src='https:\/\/www.fnacompressors.com\/wp-content\/uploads\/2024\/12\/powersystem-hover.jpg'  alt='' class='img-fluid img-max-width' > <\/p>\n<div class=\"arrow-dec\">\n                                            <img decoding=\"async\" src=\"https:\/\/www.fnacompressors.com\/wp-content\/themes\/wp-bootstrap-starter-child\/img\/arrow-white.svg\" >\n                                        <\/div>\n<\/p><\/div>\n<\/p><\/div>\n<\/p><\/div>\n<p>                            <\/a>\n                    <\/div>\n<\/p><\/div>\n<\/p><\/div>\n<\/div>\n","protected":false},"excerpt":{"rendered":"<p>Fini Un\u2019aria compressa di qualit\u00e0. FINI \u00e8 la tradizione, la storia, da oltre 70 anni leader nel settore dell\u2019aria compressa. Grazie alla costante attenzione ai&#8230;<\/p>\n","protected":false},"author":1,"featured_media":0,"parent":48,"menu_order":14,"comment_status":"closed","ping_status":"closed","template":"flow.php","meta":{"_acf_changed":false,"footnotes":""},"class_list":["post-50","page","type-page","status-publish","hentry"],"acf":[],"_links":{"self":[{"href":"https:\/\/www.fnacompressors.com\/it\/wp-json\/wp\/v2\/pages\/50","targetHints":{"allow":["GET"]}}],"collection":[{"href":"https:\/\/www.fnacompressors.com\/it\/wp-json\/wp\/v2\/pages"}],"about":[{"href":"https:\/\/www.fnacompressors.com\/it\/wp-json\/wp\/v2\/types\/page"}],"author":[{"embeddable":true,"href":"https:\/\/www.fnacompressors.com\/it\/wp-json\/wp\/v2\/users\/1"}],"replies":[{"embeddable":true,"href":"https:\/\/www.fnacompressors.com\/it\/wp-json\/wp\/v2\/comments?post=50"}],"version-history":[{"count":50,"href":"https:\/\/www.fnacompressors.com\/it\/wp-json\/wp\/v2\/pages\/50\/revisions"}],"predecessor-version":[{"id":4111,"href":"https:\/\/www.fnacompressors.com\/it\/wp-json\/wp\/v2\/pages\/50\/revisions\/4111"}],"up":[{"embeddable":true,"href":"https:\/\/www.fnacompressors.com\/it\/wp-json\/wp\/v2\/pages\/48"}],"wp:attachment":[{"href":"https:\/\/www.fnacompressors.com\/it\/wp-json\/wp\/v2\/media?parent=50"}],"curies":[{"name":"wp","href":"https:\/\/api.w.org\/{rel}","templated":true}]}}