{"id":66,"date":"2021-11-23T14:12:23","date_gmt":"2021-11-23T13:12:23","guid":{"rendered":"https:\/\/www.fnacompressors.com\/?page_id=66"},"modified":"2025-07-28T21:54:27","modified_gmt":"2025-07-28T19:54:27","slug":"qualita-certificazioni","status":"publish","type":"page","link":"https:\/\/www.fnacompressors.com\/it\/tecnologia\/qualita-certificazioni\/","title":{"rendered":"Qualit\u00e0 &#038; Certificazioni"},"content":{"rendered":"<div class=\"box-m-descrizione box-m-descrizione-2 odd pt-5\"  data-index=\"2\">\n<div class=\"container-fluid container-fna-exp \">\n<div class=\"row\">\n<div class=\"col-12\">\n<div class='descrizione text-animation animatedBox'>\n<p>Tutti i nostri prodotti sono realizzati con i pi\u00f9 alti standard qualitativi, utilizzando quanto di tecnologicamente pi\u00f9 avanzato offre il mercato sia per la scelta dei materiali, che per i processi produttivi. <strong>Severi test e controlli sono eseguiti scrupolosamente durante tutte le fasi di produzione<\/strong>.<\/p>\n<\/p><\/div>\n<\/p><\/div>\n<\/p><\/div>\n<\/p><\/div>\n<\/div>\n<div class=\"box-m-immagine box-m-immagine-3 even \"  data-index=\"3\">\n<div class=\"container-fluid container-fna-exp \">\n<div class=\"row\">\n<div class=\"col-12\">\n<div class=\"image-animation animatedBox\">\n                   <img src='https:\/\/www.fnacompressors.com\/wp-content\/uploads\/2021\/12\/qualita-certificazioni.png'  alt='' class='img-fluid' >\n                <\/div>\n<\/p><\/div>\n<\/p><\/div>\n<\/p><\/div>\n<\/div>\n<div class=\"box-m-descrizione-corsivo box-m-descrizione-corsivo-4 odd \"  data-index=\"4\">\n<div class=\"container-fluid container-fna-exp \">\n<div class=\"row\">\n<div class=\"col-12\">\n<div class='descrizione text-animation animatedBox'>\n<p>A dimostrazione dell&#8217;attenzione dedicata alla Qualit\u00e0, il nostro sistema di gestione aziendale \u00e8 conforme alla normativa ISO 9001:2015 come attestato dal T\u00dcV Italia s.r.l. (T\u00dcV SUD Group).<\/p>\n<p>&nbsp;<\/p>\n<\/p><\/div>\n<\/p><\/div>\n<\/p><\/div>\n<\/p><\/div>\n<\/div>\n<div class=\"box-download-file box-download-file-5 even pt-1\"  data-index=\"5\">\n<div class=\"container-fluid container-fna-exp\">\n<div class=\"col-12\">\n<div class='btn-arrow-slide  animatedBox text-animation '>\n                       <a href=\"https:\/\/www.fnacompressors.com\/wp-content\/uploads\/2024\/04\/CertificatoTUV_2024.pdf\" target=\"_blank\"><\/p>\n<div class=\"arror-slide-top \">\n<div class=\"arrow-slide-top-content\"><img decoding=\"async\" src=\"https:\/\/www.fnacompressors.com\/wp-content\/themes\/wp-bootstrap-starter-child\/img\/download-slide-green.svg\" class='no-lazy' ><\/div>\n<\/div>\n<p> Scarica certificato TUV                       <\/a>\n                    <\/div>\n<\/p><\/div>\n<\/p><\/div>\n<\/div>\n<div class=\"box-img-txt-sot-des box-img-txt-sot-des-6 odd \"  data-index=\"6\">\n<div class=\"container-fluid container-fna-exp\">\n<div class=\"row\">\n<div class=\"col-md-12\">\n<div class=\"media text-animation animatedBox\">\n                                                <img src='https:\/\/www.fnacompressors.com\/wp-content\/uploads\/2021\/12\/trust-5years.png'  alt='' class=' align-self-center mr-3img-fluid' > <\/p>\n<div class=\"media-body align-self-center\">\n<h2 class='titolo'>\n                               Estensione di garanzia \u201cTRUST\u201d                            <\/h2>\n<\/p><\/div>\n<\/p><\/div>\n<div class='sottotitolo text-animation animatedBox'>\n                       FNA COMPRESSORS crede cos\u00ec tanto nella qualit\u00e0 ed affidabilit\u00e0 dei propri compressori da garantirli fino a 60 mesi!                     <\/div>\n<div class='descrizione text-animation animatedBox'>\n<p>Aderendo all\u2019estensione di garanzia TRUST \u00e8 infatti possibile estendere il periodo della garanzia standard per 3 o 5 anni, attraverso un programma completo di manutenzione preventiva.<\/p>\n<p>I vantaggi sono molteplici: il cliente potr\u00e0 cos\u00ec affidarsi in tutta sicurezza all\u2019assistenza qualificata di tecnici autorizzati, riducendo l\u2019incertezza dei costi di manutenzione e prevenendo il verificarsi di eventuali interruzioni di servizio.<\/p>\n<\/p><\/div>\n<\/p><\/div>\n<\/p><\/div>\n<\/p><\/div>\n<\/div>\n<div class=\"box-txt-r-img-txt-r-img box-txt-r-img-txt-r-img-7 even \"  data-index=\"7\">\n<div class='container-fluid container-fna-exp'>\n<div class='row'>\n<div class='col-12'>\n<h2 class='titolo animatedBox text-animation'>\n                   I nostri compressori rispondono alle seguenti certificazioni internazionali:                <\/h2>\n<\/p><\/div>\n<div class='col-6  col-md-3 animatedBox image-animation d-flex align-items-center justify-content-center img1-container' style=\"transition-delay: 0s;\">\n                               <img src='https:\/\/www.fnacompressors.com\/wp-content\/uploads\/2021\/12\/logo-CE.png'  alt='' class='img-fluid' >\n                           <\/div>\n<div class='col-6  col-md-3 animatedBox image-animation d-flex align-items-center justify-content-center img1-container' style=\"transition-delay: 0.1s;\">\n                               <img src='https:\/\/www.fnacompressors.com\/wp-content\/uploads\/2021\/12\/logo-EAC.png'  alt='' class='img-fluid' >\n                           <\/div>\n<div class='col-6  col-md-3 animatedBox image-animation d-flex align-items-center justify-content-center img1-container' style=\"transition-delay: 0.2s;\">\n                               <img src='https:\/\/www.fnacompressors.com\/wp-content\/uploads\/2024\/04\/ETL.svg'  alt='' class='img-fluid' >\n                           <\/div>\n<\/p><\/div>\n<\/p><\/div>\n<div class='container-fluid container-fna-exp'>\n<div class='row'>\n<div class='col-12'>\n<h4 class='titolo-2 animatedBox text-animation'>\n                       Certificazioni per i serbatoi a pressione:                    <\/h4>\n<\/p><\/div>\n<div class='col-6 col-md-2 d-flex align-items-center justify-content-center'>\n<div class='text-center animatedBox text-animation' style=\"transition-delay: 0s;\">\n<div class='img2-container'>\n                           <img src='https:\/\/www.fnacompressors.com\/wp-content\/uploads\/2021\/12\/ce-l-1.png'  alt='' class='img-fluid' >\n                       <\/div>\n<h5 class='titolo-3'>\n                           CE                        <\/h5>\n<\/p><\/div>\n<\/p><\/div>\n<div class='col-6 col-md-2 d-flex align-items-center justify-content-center'>\n<div class='text-center animatedBox text-animation' style=\"transition-delay: 0.1s;\">\n<div class='img2-container'>\n                           <img src='https:\/\/www.fnacompressors.com\/wp-content\/uploads\/2021\/12\/asme.png'  alt='' class='img-fluid' >\n                       <\/div>\n<h5 class='titolo-3'>\n                           ASME                        <\/h5>\n<\/p><\/div>\n<\/p><\/div>\n<div class='col-6 col-md-2 d-flex align-items-center justify-content-center'>\n<div class='text-center animatedBox text-animation' style=\"transition-delay: 0.2s;\">\n<div class='img2-container'>\n                           <img src='https:\/\/www.fnacompressors.com\/wp-content\/uploads\/2021\/12\/singapore.png'  alt='' class='img-fluid' >\n                       <\/div>\n<h5 class='titolo-3'>\n                           Singapore                        <\/h5>\n<\/p><\/div>\n<\/p><\/div>\n<div class='col-6 col-md-2 d-flex align-items-center justify-content-center'>\n<div class='text-center animatedBox text-animation' style=\"transition-delay: 0.3s;\">\n<div class='img2-container'>\n                           <img src='https:\/\/www.fnacompressors.com\/wp-content\/uploads\/2021\/12\/indonesia.png'  alt='' class='img-fluid' >\n                       <\/div>\n<h5 class='titolo-3'>\n                           Indonesia                        <\/h5>\n<\/p><\/div>\n<\/p><\/div>\n<div class='col-6 col-md-2 d-flex align-items-center justify-content-center'>\n<div class='text-center animatedBox text-animation' style=\"transition-delay: 0.4s;\">\n<div class='img2-container'>\n                           <img src='https:\/\/www.fnacompressors.com\/wp-content\/uploads\/2021\/12\/israel.png'  alt='' class='img-fluid' >\n                       <\/div>\n<h5 class='titolo-3'>\n                           Israele                        <\/h5>\n<\/p><\/div>\n<\/p><\/div>\n<div class='col-6 col-md-2 d-flex align-items-center justify-content-center'>\n<div class='text-center animatedBox text-animation' style=\"transition-delay: 0.5s;\">\n<div class='img2-container'>\n                           <img src='https:\/\/www.fnacompressors.com\/wp-content\/uploads\/2021\/12\/australia.png'  alt='' class='img-fluid' >\n                       <\/div>\n<h5 class='titolo-3'>\n                           Australia                        <\/h5>\n<\/p><\/div>\n<\/p><\/div>\n<\/p><\/div>\n<\/p><\/div>\n<\/div>\n<div class=\"box-txt-next-page box-txt-next-page-8 odd \"  data-index=\"8\">\n<div class=\"container-fluid container-fna\">\n<div class=\"row\">\n<div class=\"col-12\">\n<h2 class='titolo animatedBox text-animation'>\n                   TECNOLOGIA                <\/h2>\n<\/p><\/div>\n<\/p><\/div>\n<div class=\"row\">\n<div class=\"col-md-4 animatedBox text-animation next-page\" style=\"transition-delay: 0.2s\">\n                <a href=\"https:\/\/www.fnacompressors.com\/it\/tecnologia\/know-how-innovazione\/\"><\/p>\n<div class='image-scale-hover'>\n                        <img decoding=\"async\" src=\"https:\/\/www.fnacompressors.com\/wp-content\/uploads\/2021\/11\/know-how.png\" class=\"img-fluid\">\n                    <\/div>\n<div class='slide-arrow-btn'>\n<h3 class=\"page-title\">Know How &#038; Innovazione<\/h3>\n<\/p><\/div>\n<p>                <\/a>\n            <\/div>\n<\/p><\/div>\n<\/p><\/div>\n<\/div>\n","protected":false},"excerpt":{"rendered":"<p>Tutti i nostri prodotti sono realizzati con i pi\u00f9 alti standard qualitativi, utilizzando quanto di tecnologicamente pi\u00f9 avanzato offre il mercato sia per la scelta&#8230;<\/p>\n","protected":false},"author":8,"featured_media":0,"parent":62,"menu_order":10,"comment_status":"closed","ping_status":"closed","template":"flow.php","meta":{"_acf_changed":false,"footnotes":""},"class_list":["post-66","page","type-page","status-publish","hentry"],"acf":[],"_links":{"self":[{"href":"https:\/\/www.fnacompressors.com\/it\/wp-json\/wp\/v2\/pages\/66","targetHints":{"allow":["GET"]}}],"collection":[{"href":"https:\/\/www.fnacompressors.com\/it\/wp-json\/wp\/v2\/pages"}],"about":[{"href":"https:\/\/www.fnacompressors.com\/it\/wp-json\/wp\/v2\/types\/page"}],"author":[{"embeddable":true,"href":"https:\/\/www.fnacompressors.com\/it\/wp-json\/wp\/v2\/users\/8"}],"replies":[{"embeddable":true,"href":"https:\/\/www.fnacompressors.com\/it\/wp-json\/wp\/v2\/comments?post=66"}],"version-history":[{"count":58,"href":"https:\/\/www.fnacompressors.com\/it\/wp-json\/wp\/v2\/pages\/66\/revisions"}],"predecessor-version":[{"id":4692,"href":"https:\/\/www.fnacompressors.com\/it\/wp-json\/wp\/v2\/pages\/66\/revisions\/4692"}],"up":[{"embeddable":true,"href":"https:\/\/www.fnacompressors.com\/it\/wp-json\/wp\/v2\/pages\/62"}],"wp:attachment":[{"href":"https:\/\/www.fnacompressors.com\/it\/wp-json\/wp\/v2\/media?parent=66"}],"curies":[{"name":"wp","href":"https:\/\/api.w.org\/{rel}","templated":true}]}}