{"id":74,"date":"2021-11-23T14:15:24","date_gmt":"2021-11-23T13:15:24","guid":{"rendered":"https:\/\/www.fnacompressors.com\/?page_id=74"},"modified":"2025-07-28T21:53:53","modified_gmt":"2025-07-28T19:53:53","slug":"responsabilita","status":"publish","type":"page","link":"https:\/\/www.fnacompressors.com\/it\/responsabilita\/","title":{"rendered":"Responsabilit\u00e0"},"content":{"rendered":"<div class=\"box-txt-4des-img box-txt-4des-img-1 even pb-0 bg-azzurro\"  data-index=\"1\">\n<div class=\"container-fluid container-fna-exp\">\n<div class=\"row\">\n<div class=\"col-12\">\n<div class='descrizione descrizione-1  text-animation animatedBox'>\n<p>Sono i fattori imprescindibili che hanno accompagnato FNA COMPRESSORS fin dalla sua nascita e hanno contribuito a renderla una grande, stimata realt\u00e0 internazionale.<\/p>\n<\/p><\/div>\n<div class='immagine  image-animation animatedBox'>\n                   <img src='https:\/\/www.fnacompressors.com\/wp-content\/uploads\/2021\/12\/FNA-teamwork.jpg'  alt='' class='img-fluid' >\n               <\/div>\n<div class='descrizione descrizione-3  text-animation animatedBox'>\n<p>La radice famigliare di FNA COMPRESSORS ha instillato i valori di laboriosit\u00e0, iniziativa, onest\u00e0, rigore ed eccellenza nella storia e nella crescita del gruppo.<\/p>\n<\/p><\/div>\n<div class='descrizione descrizione-4  text-animation animatedBox'>\n<p>Il comportamento esemplare del nostro team, a livello individuale e collettivo, e la qualit\u00e0 del nostro lavoro sono alla base della <strong>nostra vocazione per l\u2019eccellenza che punta sempre al raggiungimento della qualit\u00e0 nel suo significato pi\u00f9 ampio<\/strong>, per questo i nostri clienti decidono di affidarsi a noi.<\/p>\n<p><strong>Il Codice Etico di FNA COMPRESSORS<\/strong> rinsalda ed esprime con chiarezza i nostri principi ed i valori fondamentali che orientano e disciplinano nell\u2019agire quotidiano le nostre relazioni con tutti i soggetti interessati, sia internamente che esternamente<\/p>\n<\/p><\/div>\n<\/p><\/div>\n<\/p><\/div>\n<\/p><\/div>\n<\/div>\n<div class=\"box-download-file box-download-file-2 odd \"  data-index=\"2\">\n<div class=\"container-fluid container-fna-exp\">\n<div class=\"col-12\">\n<div class='btn-arrow-slide  animatedBox text-animation '>\n                       <a href=\"https:\/\/www.fnacompressors.com\/wp-content\/uploads\/2022\/07\/Codice-Etico-FNA.pdf\" target=\"_blank\"><\/p>\n<div class=\"arror-slide-top \">\n<div class=\"arrow-slide-top-content\"><img decoding=\"async\" src=\"https:\/\/www.fnacompressors.com\/wp-content\/themes\/wp-bootstrap-starter-child\/img\/download-slide-green.svg\" class='no-lazy' ><\/div>\n<\/div>\n<p> Scarica il codice etico                       <\/a>\n                    <\/div>\n<\/p><\/div>\n<\/p><\/div>\n<\/div>\n<div class=\"box-m-titolo-grassetto box-m-titolo-grassetto-3 even \"  data-index=\"3\">\n<div class=\"container-fluid container-fna-exp \">\n<div class=\"row\">\n<div class=\"col-12\">\n<div class='titolo text-animation animatedBox'>\n<p>Modello di organizzazione, gestione e controllo<\/p>\n<\/p><\/div>\n<\/p><\/div>\n<\/p><\/div>\n<\/p><\/div>\n<\/div>\n<div class=\"box-m-descrizione box-m-descrizione-4 odd \"  data-index=\"4\">\n<div class=\"container-fluid container-fna-exp \">\n<div class=\"row\">\n<div class=\"col-12\">\n<div class='descrizione text-animation animatedBox'>\n<p>FNA COMPRESSORS, sensibile all\u2019esigenza di assicurare condizioni di correttezza e di trasparenza nella conduzione degli affari e delle attivit\u00e0 aziendali anche a tutela della propria posizione e immagine, delle aspettative dei propri soci e stakeholders e del lavoro dei propri dipendenti, ha ritenuto conforme alle proprie politiche aziendali procedere all\u2019adozione e implementazione del Modello di organizzazione, gestione e controllo ai del D. Lgs. n. 231\/2001 (\u201cModello 231\u201d).<\/p>\n<\/p><\/div>\n<\/p><\/div>\n<\/p><\/div>\n<\/p><\/div>\n<\/div>\n<div class=\"box-download-file box-download-file-5 even \"  data-index=\"5\">\n<div class=\"container-fluid container-fna-exp\">\n<div class=\"col-12\">\n<div class='btn-arrow-slide  animatedBox text-animation '>\n                       <a href=\"https:\/\/www.fnacompressors.com\/wp-content\/uploads\/2024\/01\/MOG231-FNA-Parte-Generale-2023-DEF.pdf\" target=\"_blank\"><\/p>\n<div class=\"arror-slide-top \">\n<div class=\"arrow-slide-top-content\"><img decoding=\"async\" src=\"https:\/\/www.fnacompressors.com\/wp-content\/themes\/wp-bootstrap-starter-child\/img\/download-slide-green.svg\" class='no-lazy' ><\/div>\n<\/div>\n<p> Scarica modello                       <\/a>\n                    <\/div>\n<\/p><\/div>\n<\/p><\/div>\n<\/div>\n<div class=\"box-m-titolo-grassetto box-m-titolo-grassetto-6 odd \"  data-index=\"6\">\n<div class=\"container-fluid container-fna-exp \">\n<div class=\"row\">\n<div class=\"col-12\">\n<div class='titolo text-animation animatedBox'>\n<p>Whistleblowing<\/p>\n<\/p><\/div>\n<\/p><\/div>\n<\/p><\/div>\n<\/p><\/div>\n<\/div>\n<div class=\"box-m-descrizione box-m-descrizione-7 even \"  data-index=\"7\">\n<div class=\"container-fluid container-fna-exp \">\n<div class=\"row\">\n<div class=\"col-12\">\n<div class='descrizione text-animation animatedBox'>\n<p>A seguito dell\u2019entrata in vigore del D. Lgs. 10 marzo 2023, n. 24 relativo all&#8217;attuazione della direttiva (UE) 2019\/1937, riguardante la protezione delle persone che segnalano violazioni del diritto dell&#8217;Unione e recante disposizioni riguardanti la protezione delle persone che segnalano violazioni delle disposizioni normative nazionali, FNA COMPRESSORS ha attivato la piattaforma web dedicata My Whistleblowing, raggiungibile al seguente link: <a href=\"https:\/\/areariservata.mygovernance.it\/#!\/WB\/fna\" target=\"_blank\" rel=\"noopener\">https:\/\/areariservata.mygovernance.it\/#!\/WB\/fna<\/a><\/p>\n<\/p><\/div>\n<\/p><\/div>\n<\/p><\/div>\n<\/p><\/div>\n<\/div>\n<div class=\"box-download-file box-download-file-8 odd \"  data-index=\"8\">\n<div class=\"container-fluid container-fna-exp\">\n<div class=\"col-12\">\n<div class='btn-arrow-slide  animatedBox text-animation '>\n                       <a href=\"https:\/\/www.fnacompressors.com\/wp-content\/uploads\/2023\/11\/FNA-Policy-Gestione-Segnalazioni.pdf\" target=\"_blank\"><\/p>\n<div class=\"arror-slide-top \">\n<div class=\"arrow-slide-top-content\"><img decoding=\"async\" src=\"https:\/\/www.fnacompressors.com\/wp-content\/themes\/wp-bootstrap-starter-child\/img\/download-slide-green.svg\" class='no-lazy' ><\/div>\n<\/div>\n<p> Scarica Policy                       <\/a>\n                    <\/div>\n<\/p><\/div>\n<\/p><\/div>\n<\/div>\n<div class=\"box-m-titolo-grassetto box-m-titolo-grassetto-9 even \"  data-index=\"9\">\n<div class=\"container-fluid container-fna-exp \">\n<div class=\"row\">\n<div class=\"col-12\">\n<div class='titolo text-animation animatedBox'>\n<p>Politica della Qualit\u00e0<\/p>\n<\/p><\/div>\n<\/p><\/div>\n<\/p><\/div>\n<\/p><\/div>\n<\/div>\n<div class=\"box-m-descrizione box-m-descrizione-10 odd \"  data-index=\"10\">\n<div class=\"container-fluid container-fna-exp \">\n<div class=\"row\">\n<div class=\"col-12\">\n<div class='descrizione text-animation animatedBox'>\n<p>FNA COMPRESSORS crede che la qualit\u00e0 non sia un risultato, ma un percorso continuo di crescita e miglioramento. Per questo ha definito con chiarezza i suoi principi, obiettivi e valori in materia di qualit\u00e0, che guidano ogni sua scelta operativa e strategica. La Politica della Qualit\u00e0 \u00e8 a disposizione di tutti coloro che desiderano conoscere meglio l\u2019impegno di FNA COMPRESSORS verso l\u2019eccellenza, la trasparenza e la soddisfazione del cliente.<\/p>\n<\/p><\/div>\n<\/p><\/div>\n<\/p><\/div>\n<\/p><\/div>\n<\/div>\n<div class=\"box-download-file box-download-file-11 even \"  data-index=\"11\">\n<div class=\"container-fluid container-fna-exp\">\n<div class=\"col-12\">\n<div class='btn-arrow-slide  animatedBox text-animation '>\n                       <a href=\"https:\/\/www.fnacompressors.com\/wp-content\/uploads\/2025\/05\/Politica-della-Qualita_6_IT.pdf\" target=\"_blank\"><\/p>\n<div class=\"arror-slide-top \">\n<div class=\"arrow-slide-top-content\"><img decoding=\"async\" src=\"https:\/\/www.fnacompressors.com\/wp-content\/themes\/wp-bootstrap-starter-child\/img\/download-slide-green.svg\" class='no-lazy' ><\/div>\n<\/div>\n<p> Scarica documento                       <\/a>\n                    <\/div>\n<\/p><\/div>\n<\/p><\/div>\n<\/div>\n","protected":false},"excerpt":{"rendered":"<p>Sono i fattori imprescindibili che hanno accompagnato FNA COMPRESSORS fin dalla sua nascita e hanno contribuito a renderla una grande, stimata realt\u00e0 internazionale. La radice&#8230;<\/p>\n","protected":false},"author":4,"featured_media":0,"parent":0,"menu_order":4,"comment_status":"closed","ping_status":"closed","template":"flow.php","meta":{"_acf_changed":false,"footnotes":""},"class_list":["post-74","page","type-page","status-publish","hentry"],"acf":[],"_links":{"self":[{"href":"https:\/\/www.fnacompressors.com\/it\/wp-json\/wp\/v2\/pages\/74","targetHints":{"allow":["GET"]}}],"collection":[{"href":"https:\/\/www.fnacompressors.com\/it\/wp-json\/wp\/v2\/pages"}],"about":[{"href":"https:\/\/www.fnacompressors.com\/it\/wp-json\/wp\/v2\/types\/page"}],"author":[{"embeddable":true,"href":"https:\/\/www.fnacompressors.com\/it\/wp-json\/wp\/v2\/users\/4"}],"replies":[{"embeddable":true,"href":"https:\/\/www.fnacompressors.com\/it\/wp-json\/wp\/v2\/comments?post=74"}],"version-history":[{"count":40,"href":"https:\/\/www.fnacompressors.com\/it\/wp-json\/wp\/v2\/pages\/74\/revisions"}],"predecessor-version":[{"id":4690,"href":"https:\/\/www.fnacompressors.com\/it\/wp-json\/wp\/v2\/pages\/74\/revisions\/4690"}],"wp:attachment":[{"href":"https:\/\/www.fnacompressors.com\/it\/wp-json\/wp\/v2\/media?parent=74"}],"curies":[{"name":"wp","href":"https:\/\/api.w.org\/{rel}","templated":true}]}}