{"id":78,"date":"2021-11-23T14:16:51","date_gmt":"2021-11-23T13:16:51","guid":{"rendered":"https:\/\/www.fnacompressors.com\/?page_id=78"},"modified":"2025-07-28T21:51:35","modified_gmt":"2025-07-28T19:51:35","slug":"lavora-con-noi","status":"publish","type":"page","link":"https:\/\/www.fnacompressors.com\/it\/lavora-con-noi\/","title":{"rendered":"Lavora con Noi"},"content":{"rendered":"<div class=\"box-img-sx-txt-des-lin-num-dx box-img-sx-txt-des-lin-num-dx-1 even \"  data-index=\"1\">\n<div class='container-fluid container-fna'>\n<div class='row'>\n<div class='col-lg-6 ustify-content-center align-items-center d-flex'>\n<div class='animatedBox image-animation'>\n                       <img src='https:\/\/www.fnacompressors.com\/wp-content\/uploads\/2021\/12\/1-FNA-lavora-con-noi.jpg'  alt='' class='img-fluid' >\n                    <\/div>\n<\/p><\/div>\n<div class='col-lg-6  align-items-center d-flex info-text'>\n<div class='info-text-container'>\n<h2 class='titolo animatedBox text-animation'>\n                           L\u2019eccellenza si crea solo con la passione, l\u2019impegno e il tempo                        <\/h2>\n<div class='descrizione animatedBox text-animation col-6-limit-width no-number'>\n<p>FNA COMPRESSORS, \u00e8 un Gruppo multinazionale che impiega circa 1.300 dipendenti nei suoi stabilimenti produttivi in Italia, Francia, Cina e Stati Uniti.<\/p>\n<p>Un <strong>ambiente giovane, dinamico ed internazionale<\/strong> in cui si investe sulle persone: il vero motore della crescita e del rinnovamento.<\/p>\n<\/p><\/div>\n<\/p><\/div>\n<\/p><\/div>\n<div class=\"col-12  no-number\">\n<div class=\"line-animation animatedBox delay-05\" data-related-animation='.outline-effect-1'>\n<div class=\"line\"><\/div>\n<\/p><\/div>\n<\/p><\/div>\n<\/p><\/div>\n<\/p><\/div>\n<\/div>\n<div class=\"box-img-sx-txt-des-lin-num-dx box-img-sx-txt-des-lin-num-dx-2 odd \"  data-index=\"2\">\n<div class='container-fluid container-fna'>\n<div class='row'>\n<div class='col-lg-6 ustify-content-center align-items-center d-flex'>\n<div class='animatedBox image-animation'>\n                       <img src='https:\/\/www.fnacompressors.com\/wp-content\/uploads\/2021\/12\/2-FNA-lavora-con-noi.jpg'  alt='' class='img-fluid' >\n                    <\/div>\n<\/p><\/div>\n<div class='col-lg-6  align-items-center d-flex info-text'>\n<div class='info-text-container'>\n<h2 class='titolo animatedBox text-animation'>\n                           Crescere insieme                        <\/h2>\n<div class='descrizione animatedBox text-animation col-6-limit-width no-number'>\n<p>Nel Gruppo FNA COMPRESSORS potrai ampliare le tue conoscenze e lavorare in un ambiente stimolante in cui competenza, passione e dedizione sono valori che contano ancora.<\/p>\n<p><strong>Che tu sia un professionista esperto o all&#8217;inizio della tua carriera, nel Gruppo FNA COMPRESSORS c\u2019\u00e8 spazio per crescere.<\/strong><\/p>\n<\/p><\/div>\n<\/p><\/div>\n<\/p><\/div>\n<div class=\"col-12  no-number\">\n<div class=\"line-animation animatedBox delay-05\" data-related-animation='.outline-effect-2'>\n<div class=\"line\"><\/div>\n<\/p><\/div>\n<\/p><\/div>\n<\/p><\/div>\n<\/p><\/div>\n<\/div>\n<div class=\"box-img-sx-txt-des-lin-num-dx box-img-sx-txt-des-lin-num-dx-3 even \"  data-index=\"3\">\n<div class='container-fluid container-fna'>\n<div class='row'>\n<div class='col-lg-6 ustify-content-center align-items-center d-flex'>\n<div class='animatedBox image-animation'>\n                       <img src='https:\/\/www.fnacompressors.com\/wp-content\/uploads\/2021\/12\/FNA_PERCHE-SCEGLIERCI_1264X860-1.jpg'  alt='' class='img-fluid' >\n                    <\/div>\n<\/p><\/div>\n<div class='col-lg-6  align-items-center d-flex info-text'>\n<div class='info-text-container'>\n<h2 class='titolo animatedBox text-animation'>\n                           L\u2019importanza del singolo nel lavoro di squadra                        <\/h2>\n<div class='descrizione animatedBox text-animation col-6-limit-width no-number'>\n<p>Per noi \u00e8 importante che le persone manifestino il proprio talento quotidianamente e che apprendano i principi di fidelizzazione che da sempre animano il gruppo FNA COMPRESSORS: una realt\u00e0 solida, in continua crescita, che investe nel cambiamento e lo sostiene valorizzando le capacit\u00e0 di ciascuno nel rispetto delle pari opportunit\u00e0.<\/p>\n<\/p><\/div>\n<\/p><\/div>\n<\/p><\/div>\n<div class=\"col-12  no-number\">\n<div class=\"line-animation animatedBox delay-05\" data-related-animation='.outline-effect-3'>\n<div class=\"line\"><\/div>\n<\/p><\/div>\n<\/p><\/div>\n<\/p><\/div>\n<\/p><\/div>\n<\/div>\n<div class=\"box-img-sx-txt-des-lin-num-dx box-img-sx-txt-des-lin-num-dx-4 odd last-lavora\"  data-index=\"4\">\n<div class='container-fluid container-fna'>\n<div class='row'>\n<div class='col-lg-6 ustify-content-center align-items-center d-flex'>\n<div class='animatedBox image-animation'>\n                       <img src='https:\/\/www.fnacompressors.com\/wp-content\/uploads\/2021\/12\/4-FNA-lavora-con-noi.jpg'  alt='' class='img-fluid' >\n                    <\/div>\n<\/p><\/div>\n<div class='col-lg-6  align-items-center d-flex info-text'>\n<div class='info-text-container'>\n<h2 class='titolo animatedBox text-animation'>\n                           Dove siamo                        <\/h2>\n<div class='descrizione animatedBox text-animation col-6-limit-width no-number'>\n<p>Il nostro headquarter \u00e8 nella zona industriale Robassomero, un piccolo comune posto su un terrazzo panoramico che si affaccia sulle Valli di Lanzo, alle porte di Torino e facilmente raggiungibile con le Autostrade.<\/p>\n<\/p><\/div>\n<div class='btn-arrow-slide animatedBox text-animation'>\n                           <a href=\"https:\/\/www.fnacompressors.com\/contatti\/\" target=\"\"><br \/>\n                               LE NOSTRE SEDI<\/p>\n<div class=\"arror-slide-right\">\n<div class=\"arrow-slide-right-content\"><img decoding=\"async\" src=\"https:\/\/www.fnacompressors.com\/wp-content\/themes\/wp-bootstrap-starter-child\/img\/arrow-slide-right-green.svg\" ><\/div>\n<\/div>\n<p>                           <\/a>\n                        <\/div>\n<\/p><\/div>\n<\/p><\/div>\n<div class=\"col-12  no-number\">\n<div class=\"line-animation animatedBox delay-05\" data-related-animation='.outline-effect-4'>\n<div class=\"line\"><\/div>\n<\/p><\/div>\n<\/p><\/div>\n<\/p><\/div>\n<\/p><\/div>\n<\/div>\n<div class=\"box-banner-full box-banner-full-5 even \"  data-index=\"5\">\n<div class=\"container-fluid container-fna pt-5 pb-5\">\n<div class=\"row\">\n<div class=\"col-12 \">\n<div class='descrizione text-animation animatedBox'>\n<p>Se desideri entrare nel nostro team,<br \/>\nsegui le nostre offerte di lavoro su Linkedin<\/p>\n<\/p><\/div>\n<div class='btn-arrow-slide white animatedBox text-animation'>\n                       <a href=\"https:\/\/www.linkedin.com\/company\/fnacompressors\/jobs\/\" target=\"_blank\"><br \/>\n                           Posizioni aperte<\/p>\n<div class=\"arror-slide-right\">\n<div class=\"arrow-slide-right-content\"><img decoding=\"async\" src=\"https:\/\/www.fnacompressors.com\/wp-content\/themes\/wp-bootstrap-starter-child\/img\/arrow-slide-right-white.svg\" class='no-lazy' ><\/div>\n<\/div>\n<p>                       <\/a>\n                    <\/div>\n<\/p><\/div>\n<\/p><\/div>\n<\/p><\/div>\n<\/div>\n<style>\n        .box-banner-full-5 {background-image:url(https:\/\/www.fnacompressors.com\/wp-content\/uploads\/2021\/12\/linkedin.png); }<\/p>\n<\/style>\n","protected":false},"excerpt":{"rendered":"<p>L\u2019eccellenza si crea solo con la passione, l\u2019impegno e il tempo FNA COMPRESSORS, \u00e8 un Gruppo multinazionale che impiega circa 1.300 dipendenti nei suoi stabilimenti&#8230;<\/p>\n","protected":false},"author":1,"featured_media":0,"parent":0,"menu_order":3,"comment_status":"closed","ping_status":"closed","template":"flow.php","meta":{"_acf_changed":false,"footnotes":""},"class_list":["post-78","page","type-page","status-publish","hentry"],"acf":[],"_links":{"self":[{"href":"https:\/\/www.fnacompressors.com\/it\/wp-json\/wp\/v2\/pages\/78","targetHints":{"allow":["GET"]}}],"collection":[{"href":"https:\/\/www.fnacompressors.com\/it\/wp-json\/wp\/v2\/pages"}],"about":[{"href":"https:\/\/www.fnacompressors.com\/it\/wp-json\/wp\/v2\/types\/page"}],"author":[{"embeddable":true,"href":"https:\/\/www.fnacompressors.com\/it\/wp-json\/wp\/v2\/users\/1"}],"replies":[{"embeddable":true,"href":"https:\/\/www.fnacompressors.com\/it\/wp-json\/wp\/v2\/comments?post=78"}],"version-history":[{"count":31,"href":"https:\/\/www.fnacompressors.com\/it\/wp-json\/wp\/v2\/pages\/78\/revisions"}],"predecessor-version":[{"id":4684,"href":"https:\/\/www.fnacompressors.com\/it\/wp-json\/wp\/v2\/pages\/78\/revisions\/4684"}],"wp:attachment":[{"href":"https:\/\/www.fnacompressors.com\/it\/wp-json\/wp\/v2\/media?parent=78"}],"curies":[{"name":"wp","href":"https:\/\/api.w.org\/{rel}","templated":true}]}}